{"id":88,"date":"2023-12-27T17:19:58","date_gmt":"2023-12-27T17:19:58","guid":{"rendered":"https:\/\/thepurpledigital.com\/aviso-legal-y-descargo-de-responsabilidad\/"},"modified":"2023-12-27T17:49:20","modified_gmt":"2023-12-27T17:49:20","slug":"aviso-legal-y-descargo-de-responsabilidad","status":"publish","type":"page","link":"https:\/\/thepurpledigital.com\/es\/aviso-legal-y-descargo-de-responsabilidad\/","title":{"rendered":"Aviso Legal y Descargo de Responsabilidad"},"content":{"rendered":"\n<h2 class=\"wp-block-heading\"><strong>1. Contenido del sitio web<\/strong><\/h2>\n\n<p>El contenido proporcionado en el sitio web de Purple Digital es solo para fines informativos. Hacemos todo lo posible para garantizar la exactitud y relevancia de la informaci\u00f3n presentada, pero no garantizamos su integridad o idoneidad para ning\u00fan prop\u00f3sito en particular.<\/p>\n\n<h2 class=\"wp-block-heading\"><strong>2. Asesoramiento profesional<\/strong><\/h2>\n\n<p>El contenido de este sitio web no constituye asesoramiento profesional. Purple Digital LLC es una consultor\u00eda digital, y cualquier informaci\u00f3n proporcionada no debe considerarse un sustituto de la orientaci\u00f3n profesional. Recomendamos consultar con profesionales cualificados para obtener asesoramiento espec\u00edfico relacionado con su situaci\u00f3n.<\/p>\n\n<h2 class=\"wp-block-heading\"><strong>3. Enlaces de terceros<\/strong><\/h2>\n\n<p>Nuestro sitio web puede contener enlaces a sitios web de terceros. No respaldamos el contenido, los productos o los servicios ofrecidos por estos sitios web y no somos responsables de sus pr\u00e1cticas. Los usuarios deben revisar las pol\u00edticas de privacidad y los t\u00e9rminos de uso de cualquier sitio de terceros vinculado desde nuestro sitio web.<\/p>\n\n<h2 class=\"wp-block-heading\"><strong>4. Limitaci\u00f3n de responsabilidad<\/strong><\/h2>\n\n<p>Purple Digital y sus afiliados no son responsables de ning\u00fan da\u00f1o directo, indirecto, incidental, consecuente o punitivo que surja del uso de nuestro sitio web o de cualquier contenido proporcionado. Esto incluye, entre otros, la p\u00e9rdida de datos, la interrupci\u00f3n del negocio o la p\u00e9rdida financiera.<\/p>\n\n<h2 class=\"wp-block-heading\"><strong>5. Derechos de autor y propiedad intelectual<\/strong><\/h2>\n\n<p>El contenido, el dise\u00f1o y los gr\u00e1ficos de este sitio web son propiedad de Purple Digital LLC y est\u00e1n protegidos por las leyes de derechos de autor. Queda prohibido el uso o la reproducci\u00f3n no autorizados de cualquier contenido sin nuestro consentimiento expreso.<\/p>\n\n<h2 class=\"wp-block-heading\"><strong>6. Cambios en los T\u00e9rminos<\/strong><\/h2>\n\n<p>Nos reservamos el derecho de modificar o actualizar estos t\u00e9rminos y exenciones de responsabilidad en cualquier momento sin previo aviso. Se recomienda a los usuarios que revisen esta p\u00e1gina peri\u00f3dicamente para ver si hay cambios.<\/p>\n\n<h2 class=\"wp-block-heading\"><strong>7. Informaci\u00f3n de contacto<\/strong><\/h2>\n\n<p>Si tiene alguna pregunta o duda sobre este aviso legal y exenci\u00f3n de responsabilidad, p\u00f3ngase en contacto con nosotros en [hello@thepurpledigital .com].<\/p>\n","protected":false},"excerpt":{"rendered":"<p>1. Contenido del sitio web El contenido proporcionado en el sitio web de Purple Digital es solo para fines informativos. Hacemos todo lo posible para garantizar la exactitud y relevancia de la informaci\u00f3n presentada, pero no garantizamos su integridad o idoneidad para ning\u00fan prop\u00f3sito en particular. 2. Asesoramiento profesional El contenido de este sitio web [&hellip;]<\/p>\n","protected":false},"author":1,"featured_media":0,"parent":0,"menu_order":0,"comment_status":"closed","ping_status":"closed","template":"","meta":{"footnotes":""},"class_list":["post-88","page","type-page","status-publish","hentry"],"_links":{"self":[{"href":"https:\/\/thepurpledigital.com\/es\/wp-json\/wp\/v2\/pages\/88","targetHints":{"allow":["GET"]}}],"collection":[{"href":"https:\/\/thepurpledigital.com\/es\/wp-json\/wp\/v2\/pages"}],"about":[{"href":"https:\/\/thepurpledigital.com\/es\/wp-json\/wp\/v2\/types\/page"}],"author":[{"embeddable":true,"href":"https:\/\/thepurpledigital.com\/es\/wp-json\/wp\/v2\/users\/1"}],"replies":[{"embeddable":true,"href":"https:\/\/thepurpledigital.com\/es\/wp-json\/wp\/v2\/comments?post=88"}],"version-history":[{"count":1,"href":"https:\/\/thepurpledigital.com\/es\/wp-json\/wp\/v2\/pages\/88\/revisions"}],"predecessor-version":[{"id":89,"href":"https:\/\/thepurpledigital.com\/es\/wp-json\/wp\/v2\/pages\/88\/revisions\/89"}],"wp:attachment":[{"href":"https:\/\/thepurpledigital.com\/es\/wp-json\/wp\/v2\/media?parent=88"}],"curies":[{"name":"wp","href":"https:\/\/api.w.org\/{rel}","templated":true}]}}